{"id":3,"date":"2025-01-14T00:30:12","date_gmt":"2025-01-13T23:30:12","guid":{"rendered":"https:\/\/imp-global.net\/?page_id=3"},"modified":"2025-01-22T19:33:42","modified_gmt":"2025-01-22T18:33:42","slug":"impressum","status":"publish","type":"page","link":"https:\/\/imp-global.net\/en\/impressum\/","title":{"rendered":"Impressum \/ Datenschutz"},"content":{"rendered":"<p><strong>Angaben gem\u00e4\u00df \u00a7 5 TMG<\/strong><\/p><p>IMP Media Group Global Ltd.<br>Sauchiehall Street, Finnieston<br>Office 469, 3 Fitzroy Place, 1\/1<br>Glasgow G3 7RH<br>Vereinigtes K\u00f6nigreich<\/p><p><strong>Kontakt:<\/strong><br>E-Mail: office@imp-global.net<\/p><p><strong>Hinweis zu Verantwortlichkeiten<\/strong><br>F\u00fcr Inhalte auf einzelnen Seiten bzw. Medien von IMP Global k\u00f6nnen Tochterunternehmen oder Partnerunternehmen verantwortlich sein. Die entsprechenden Verantwortlichkeiten sind in solchen F\u00e4llen klar gekennzeichnet.<\/p><p><strong>Haftungsausschluss (Disclaimer)<\/strong><\/p><ol class=\"wp-block-list\"><li><strong>Haftung f\u00fcr Inhalte<\/strong><br>Die Inhalte dieser Seiten wurden mit gr\u00f6\u00dfter Sorgfalt erstellt. F\u00fcr die Richtigkeit, Vollst\u00e4ndigkeit und Aktualit\u00e4t der Inhalte \u00fcbernehmen wir jedoch keine Gew\u00e4hr.<\/li>\n\n<li><strong>Haftung f\u00fcr Links<\/strong><br>Unsere Website enth\u00e4lt Links zu externen Websites Dritter, auf deren Inhalte wir keinen Einfluss haben. F\u00fcr diese fremden Inhalte \u00fcbernehmen wir keine Haftung.<\/li>\n\n<li><strong>Urheberrecht<\/strong><br>Die Inhalte und Werke auf dieser Website unterliegen dem Urheberrecht. Beitr\u00e4ge Dritter sind als solche gekennzeichnet. Die Vervielf\u00e4ltigung und Verbreitung au\u00dferhalb der Grenzen des Urheberrechts bed\u00fcrfen der schriftlichen Zustimmung des jeweiligen Autors.<\/li><\/ol><p><strong>Streitbeilegung<\/strong><br>Die Europ\u00e4ische Kommission stellt eine Plattform zur Online-Streitbeilegung (OS) bereit: <a href=\"https:\/\/ec.europa.eu\/consumers\/odr\/\">https:\/\/ec.europa.eu\/consumers\/odr\/<\/a>. Wir sind jedoch weder verpflichtet noch bereit, an Streitbeilegungsverfahren vor einer Verbraucherschlichtungsstelle teilzunehmen.<\/p>","protected":false},"excerpt":{"rendered":"<p>Angaben gem\u00e4\u00df \u00a7 5 TMG IMP Media Group Global Ltd.Sauchiehall Street, FinniestonOffice 469, 3 Fitzroy Place, 1\/1Glasgow G3 7RHVereinigtes K\u00f6nigreich Kontakt:E-Mail: office@imp-global.net Hinweis zu VerantwortlichkeitenF\u00fcr Inhalte auf einzelnen Seiten bzw. Medien von IMP Global k\u00f6nnen Tochterunternehmen oder Partnerunternehmen verantwortlich sein. Die entsprechenden Verantwortlichkeiten sind in solchen F\u00e4llen klar gekennzeichnet. Haftungsausschluss (Disclaimer) StreitbeilegungDie Europ\u00e4ische Kommission stellt [&hellip;]<\/p>","protected":false},"author":1,"featured_media":0,"parent":0,"menu_order":0,"comment_status":"closed","ping_status":"open","template":"","meta":{"inline_featured_image":false,"footnotes":""},"class_list":["post-3","page","type-page","status-publish","hentry"],"aioseo_notices":[],"_links":{"self":[{"href":"https:\/\/imp-global.net\/en\/wp-json\/wp\/v2\/pages\/3","targetHints":{"allow":["GET"]}}],"collection":[{"href":"https:\/\/imp-global.net\/en\/wp-json\/wp\/v2\/pages"}],"about":[{"href":"https:\/\/imp-global.net\/en\/wp-json\/wp\/v2\/types\/page"}],"author":[{"embeddable":true,"href":"https:\/\/imp-global.net\/en\/wp-json\/wp\/v2\/users\/1"}],"replies":[{"embeddable":true,"href":"https:\/\/imp-global.net\/en\/wp-json\/wp\/v2\/comments?post=3"}],"version-history":[{"count":2,"href":"https:\/\/imp-global.net\/en\/wp-json\/wp\/v2\/pages\/3\/revisions"}],"predecessor-version":[{"id":4179,"href":"https:\/\/imp-global.net\/en\/wp-json\/wp\/v2\/pages\/3\/revisions\/4179"}],"wp:attachment":[{"href":"https:\/\/imp-global.net\/en\/wp-json\/wp\/v2\/media?parent=3"}],"curies":[{"name":"wp","href":"https:\/\/api.w.org\/{rel}","templated":true}]}}